{"id":475,"date":"2018-12-24T12:23:13","date_gmt":"2018-12-24T11:23:13","guid":{"rendered":"https:\/\/apuntat.com\/clubs\/?page_id=475"},"modified":"2018-12-24T12:31:43","modified_gmt":"2018-12-24T11:31:43","slug":"aviso-legal","status":"publish","type":"page","link":"https:\/\/apuntat.com\/clubs\/aviso-legal\/","title":{"rendered":"Aviso legal y pol\u00edtica de privacidad"},"content":{"rendered":"<h4>1. Datos identificativos<\/h4>\n<p>La empresa titular de <strong>apuntaT.com<\/strong> es EPIC SOLUTIONS, SL, con domicilio en Av. Bellissens, 42,Edif. Tecnoparc Of. 113 43204 REUS TARRAGONA con C.I.F: B43757996, inscrita en el Registro Mercantil de Tarragona.<\/p>\n<p>Correo electr\u00f3nico <a href=\"mailto:info@apuntat.com\"><span class=\"text-underline\">info@apuntat.com<\/span><\/a>.<\/p>\n<h4>2. Propiedad intelectual de la web<\/h4>\n<p>Todos los derechos de propiedad intelectual del contenido de esta p\u00e1gina web, su dise\u00f1o gr\u00e1fico y sus c\u00f3digos fuente, son titularidad exclusiva de <strong>EPIC SOLUTIONS, SL.<\/strong>, correspondi\u00e9remos el ejercicio exclusivo de los derechos de explotaci\u00f3n de los mismos.<\/p>\n<p>Por tanto queda prohibida su reproducci\u00f3n, distribuci\u00f3n, comunicaci\u00f3n p\u00fablica y transformaci\u00f3n, total o parcial, sin la autorizaci\u00f3n expresa de <strong>EPIC SOLUTIONS,SL..<\/strong><\/p>\n<p>Igualmente, todos los nombres comerciales, marcas o signos distintos de cualquier clase contenidos en este web site est\u00e1n protegidos por ley.<\/p>\n<h4>3. Contenido de la web y enlaces<\/h4>\n<p>En <strong>EPIC SOLUTIONS, SL.<\/strong> no nos responsabilizamos del mal uso que se realice de los contenidos de nuestra p\u00e1gina web, siendo exclusiva responsabilidad de la persona que accede a ellos o los utiliza.<\/p>\n<p>Tampoco asumimos ninguna responsabilidad por la informaci\u00f3n contenida en las p\u00e1ginas web de terceros a las que se pueda acceder por enlaces o buscadores desde la p\u00e1gina web apuntaT.com.<\/p>\n<h4>4. Intercambio o difusi\u00f3n de informaci\u00f3n<\/h4>\n<p><strong>EPIC SOLUTIONS, SL.<\/strong> declina toda responsabilidad que se derive del intercambio de informaci\u00f3n entre usuarios a trav\u00e9s de su p\u00e1gina web.<\/p>\n<p>Especialmente no nos hacemos responsables del uso que los menores puedan hacer de la misma en caso de que los contenidos a que se acceda puedan herir la sensibilidad de los mismos.<\/p>\n<h4>5. Actualizaci\u00f3n y modificaci\u00f3n de la p\u00e1gina web<\/h4>\n<p><strong>EPIC SOLUTIONS,SL.<\/strong> se reserva el derecho a actualizar, modificar o eliminar la informaci\u00f3n contenida en su web site <a href=\"https:\/\/apuntat.com\/apuntaT.com\"><span class=\"text-underline\">apuntaT.com<\/span><\/a>, y la configuraci\u00f3n o presentaci\u00f3n del mismo, en cualquier momento, sin previo aviso, y sin asumir responsabilidad alguna por ello.<\/p>\n<h4>6. Indicaciones sobre aspectos t\u00e9cnicos<\/h4>\n<p><strong>En EPIC SOLUTIONS, SL.<\/strong> no asumimos ninguna responsabilidad que se pueda derivar de problemas t\u00e9cnicos o fallos en los equipos inform\u00e1ticos, no imputables a nuestra Sociedad, que se produzcan durante la conexi\u00f3n a la red de Internet , as\u00ed como de da\u00f1os que pudieran ser causados por terceras personas mediante intromisiones ileg\u00edtimas fuera del control de <strong>EPIC SOLUTIONS, SL..<\/strong><\/p>\n<p>Tambi\u00e9n quedamos exonerados de toda responsabilidad ante posibles da\u00f1os o perjuicios que pueda sufrir el usuario a consecuencia de errores, defectos u omisiones en la informaci\u00f3n que facilitemos cuando proceda de fuentes ajenas a nosotros.<\/p>\n<h4>7. Tratamiento de datos del usuario<\/h4>\n<p>En cumplimiento de lo establecido en la Ley Org\u00e1nica 15\/1999, de 13 de diciembre, de Protecci\u00f3n de Datos de Car\u00e1cter Personal, <strong>EPIC SOLUTIONS, SL.<\/strong>, informa a sus clientes de que cuantos datos personales le faciliten ser\u00e1n incluidos en un fichero automatizado de datos de car\u00e1cter personal, creado y mantenido bajo la responsabilidad de <strong>EPIC SOLUTIONS,SL..<\/strong> La finalidad de dicho fichero es facilitar la tramitaci\u00f3n y gesti\u00f3n de las peticiones de reserva e intercambio de informaci\u00f3n entre usuarios as\u00ed como enviar ofertas comerciales en el futuro sobre productos y servicios que puedan resultar de inter\u00e9s a nuestros usuarios.<\/p>\n<p><strong>EPIC SOLUTIONS, SL.<\/strong> garantiza la seguridad y confidencialidad de los datos facilitados. De este modo, se compromete al cumplimiento de su obligaci\u00f3n de secreto de los datos de car\u00e1cter personal y de su deber de guardarlos y adoptar todas las medidas necesarias para evitar su alteraci\u00f3n, p\u00e9rdida, tratamiento o uso no autorizado. Por lo tanto, toda la informaci\u00f3n sobre nuestros clientes no ser\u00e1 utilizada con prop\u00f3sitos comerciales ni ser\u00e1 cedida a terceros.<\/p>\n<p>Los usuarios de <a href=\"https:\/\/apuntat.com\"><span class=\"text-underline\">apuntaT.com<\/span><\/a> podr\u00e1n en todo momento ejercitar los derechos de acceso, rectificaci\u00f3n, cancelaci\u00f3n y oposici\u00f3n, comunic\u00e1ndolo por escrito a nuestra direcci\u00f3n de correo electr\u00f3nico <a href=\"mailto:info@apuntat.com\"><span class=\"text-underline\">pulsando aqu\u00ed<\/span><\/a>.<\/p>\n<h4>8. Seguridad en los accesos<\/h4>\n<p>El acceso a las p\u00e1ginas a trav\u00e9s de las que el usuario de <a href=\"https:\/\/apuntat.com\"><span class=\"text-underline\">apuntaT.com<\/span><\/a> consulte datos personales, solicite informaci\u00f3n complementaria o contrate alguno de los productos que ofertamos se realiza a trav\u00e9s de l\u00ednea segura<\/p>\n<h4>9. Legislaci\u00f3n y jurisdicci\u00f3n aplicables<\/h4>\n<p>Con car\u00e1cter general, las relaciones con nuestros clientes, que se deriven de la prestaci\u00f3n de los servicios contenidos en nuestra web, est\u00e1n sometidas a la legislaci\u00f3n y la jurisdicci\u00f3n espa\u00f1ola.<\/p>\n<p>Los usuarios de nuestra web son conscientes de todo lo expuesto y lo aceptan voluntariamente.<\/p>\n<p>Si quieres hacer alg\u00fan comentario o sugerencia, puedes utilizar nuestro <a href=\"mailto:info@apuntat.com\"><span class=\"text-underline\">e-mail de consulta<\/span><\/a>.<\/p>\n","protected":false},"excerpt":{"rendered":"<p>1. Datos identificativos La empresa titular de apuntaT.com es EPIC SOLUTIONS, SL, con domicilio en Av. Bellissens, 42,Edif. Tecnoparc Of. 113 43204 REUS TARRAGONA con C.I.F: B43757996, inscrita en el Registro Mercantil de Tarragona. Correo electr\u00f3nico info@apuntat.com. 2. Propiedad intelectual de la web Todos los derechos de propiedad intelectual del contenido de esta p\u00e1gina web, [&hellip;]<\/p>\n","protected":false},"author":1,"featured_media":0,"parent":0,"menu_order":0,"comment_status":"closed","ping_status":"closed","template":"","meta":{"footnotes":""},"class_list":["post-475","page","type-page","status-publish","hentry"],"_links":{"self":[{"href":"https:\/\/apuntat.com\/clubs\/wp-json\/wp\/v2\/pages\/475","targetHints":{"allow":["GET"]}}],"collection":[{"href":"https:\/\/apuntat.com\/clubs\/wp-json\/wp\/v2\/pages"}],"about":[{"href":"https:\/\/apuntat.com\/clubs\/wp-json\/wp\/v2\/types\/page"}],"author":[{"embeddable":true,"href":"https:\/\/apuntat.com\/clubs\/wp-json\/wp\/v2\/users\/1"}],"replies":[{"embeddable":true,"href":"https:\/\/apuntat.com\/clubs\/wp-json\/wp\/v2\/comments?post=475"}],"version-history":[{"count":2,"href":"https:\/\/apuntat.com\/clubs\/wp-json\/wp\/v2\/pages\/475\/revisions"}],"predecessor-version":[{"id":489,"href":"https:\/\/apuntat.com\/clubs\/wp-json\/wp\/v2\/pages\/475\/revisions\/489"}],"wp:attachment":[{"href":"https:\/\/apuntat.com\/clubs\/wp-json\/wp\/v2\/media?parent=475"}],"curies":[{"name":"wp","href":"https:\/\/api.w.org\/{rel}","templated":true}]}}