{"id":19,"date":"2018-03-09T11:49:36","date_gmt":"2018-03-09T10:49:36","guid":{"rendered":"https:\/\/apuntat.com\/clubs?page_id=19"},"modified":"2018-04-19T09:32:04","modified_gmt":"2018-04-19T08:32:04","slug":"blog","status":"publish","type":"page","link":"https:\/\/apuntat.com\/clubs\/blog\/","title":{"rendered":"Blog"},"content":{"rendered":"<p>Hoy en d\u00eda las redes sociales son una alternativa real para muchos centros deportivos que han visto en los medios online una v\u00eda para dar a conocer sus servicios e instalaciones. <span id=\"more-42\"><\/span><\/p>\n<p>Estos se han lanzado al mundo de la comunicaci\u00f3n online empleando sus ratos libres, desde el ordenador de casa o el que est\u00e9 disponible en ese momento, y sin unos objetivos ni un camino claro.<\/p>\n","protected":false},"excerpt":{"rendered":"<p>Hoy en d\u00eda las redes sociales son una alternativa real para muchos centros deportivos que han visto en los medios online una v\u00eda para dar a conocer sus servicios e instalaciones. Estos se han lanzado al mundo de la comunicaci\u00f3n online empleando sus ratos libres, desde el ordenador de casa o el que est\u00e9 disponible [&hellip;]<\/p>\n","protected":false},"author":1,"featured_media":0,"parent":0,"menu_order":0,"comment_status":"closed","ping_status":"closed","template":"blog.php","meta":{"footnotes":""},"class_list":["post-19","page","type-page","status-publish","hentry"],"_links":{"self":[{"href":"https:\/\/apuntat.com\/clubs\/wp-json\/wp\/v2\/pages\/19","targetHints":{"allow":["GET"]}}],"collection":[{"href":"https:\/\/apuntat.com\/clubs\/wp-json\/wp\/v2\/pages"}],"about":[{"href":"https:\/\/apuntat.com\/clubs\/wp-json\/wp\/v2\/types\/page"}],"author":[{"embeddable":true,"href":"https:\/\/apuntat.com\/clubs\/wp-json\/wp\/v2\/users\/1"}],"replies":[{"embeddable":true,"href":"https:\/\/apuntat.com\/clubs\/wp-json\/wp\/v2\/comments?post=19"}],"version-history":[{"count":7,"href":"https:\/\/apuntat.com\/clubs\/wp-json\/wp\/v2\/pages\/19\/revisions"}],"predecessor-version":[{"id":321,"href":"https:\/\/apuntat.com\/clubs\/wp-json\/wp\/v2\/pages\/19\/revisions\/321"}],"wp:attachment":[{"href":"https:\/\/apuntat.com\/clubs\/wp-json\/wp\/v2\/media?parent=19"}],"curies":[{"name":"wp","href":"https:\/\/api.w.org\/{rel}","templated":true}]}}